{"id":11,"date":"2016-02-16T09:49:51","date_gmt":"2016-02-16T09:49:51","guid":{"rendered":"http:\/\/aramis.drac.info\/?page_id=11"},"modified":"2016-11-22T18:06:45","modified_gmt":"2016-11-22T18:06:45","slug":"home","status":"publish","type":"page","link":"https:\/\/aramisbarcelona.com\/es\/","title":{"rendered":"Home"},"content":{"rendered":" \n<div class=\"ux-slider-wrapper relative\">\n    <div class=\"ux-slider iosSlider  slider-style-normal  slider-nav-light slider-nav-inside slider-nav-simple js-flickity\" \n        data-flickity-options='{ \n            \"cellAlign\": \"center\",\n            \"imagesLoaded\": true,\n            \"lazyLoad\": 1,\n            \"freeScroll\": false,\n            \"wrapAround\": true,\n            \"autoPlay\": 6000,\n            \"prevNextButtons\": true,\n            \"contain\" : true,\n            \"percentPosition\": true,\n            \"pageDots\": true,\n            \"selectedAttraction\" : 0.1,\n            \"friction\": 0.6,\n            \"rightToLeft\": false,\n            \"draggable\": true        }'\n        style=\"\"\n        >\n           <div id=\"banner_662611317\" class=\"ux_banner dark    \"  style=\"height:750px; \" data-height=\"750px\" role=\"banner\">\n                           <div class=\"bg-overlay\" style=\"background-color:rgba(0,0,0,0.15)\"><\/div>       <div class=\"banner-bg \"  style=\"background-image:url('https:\/\/aramisbarcelona.com\/wp-content\/uploads\/2016\/02\/Moda-Hombre-Barcelona-6.jpg'); \"><img decoding=\"async\" src=\"https:\/\/aramisbarcelona.com\/wp-content\/uploads\/2016\/02\/Moda-Hombre-Barcelona-6.jpg\"  alt=\"\" style=\"visibility:hidden;\" \/><\/div>\n                             <div class=\"row\" >\n          <div class=\"inner center bottom text-center \"  style=\"width:50%;\">\n            <div class=\"inner-wrap \" style=\" \">\n                          <\/div>\n          <\/div>  \n        <\/div>\n                     <style>\n              @media only screen and (max-width: 480px) { #banner_662611317{ height:500px!important} }               <\/style>\n              <\/div><!-- end .ux_banner -->\n\n   <div id=\"banner_1991775214\" class=\"ux_banner dark    \"  style=\"height:750px; \" data-height=\"750px\" role=\"banner\">\n                           <div class=\"bg-overlay\" style=\"background-color:rgba(0,0,0,0.15)\"><\/div>       <div class=\"banner-bg \"  style=\"background-image:url('https:\/\/aramisbarcelona.com\/wp-content\/uploads\/2016\/02\/Moda-Hombre-Barcelona-5.jpg'); \"><img decoding=\"async\" src=\"https:\/\/aramisbarcelona.com\/wp-content\/uploads\/2016\/02\/Moda-Hombre-Barcelona-5.jpg\"  alt=\"\" style=\"visibility:hidden;\" \/><\/div>\n                             <div class=\"row\" >\n          <div class=\"inner center bottom text-center \"  style=\"width:50%;\">\n            <div class=\"inner-wrap \" style=\" \">\n                          <\/div>\n          <\/div>  \n        <\/div>\n                     <style>\n              @media only screen and (max-width: 480px) { #banner_1991775214{ height:500px!important} }               <\/style>\n              <\/div><!-- end .ux_banner -->\n\n   <div id=\"banner_709996647\" class=\"ux_banner dark    \"  style=\"height:750px; \" data-height=\"750px\" role=\"banner\">\n                           <div class=\"bg-overlay\" style=\"background-color:rgba(0,0,0,0.15)\"><\/div>       <div class=\"banner-bg \"  style=\"background-image:url('https:\/\/aramisbarcelona.com\/wp-content\/uploads\/2016\/02\/Moda-Hombre-Barcelona-3.jpg'); \"><img decoding=\"async\" src=\"https:\/\/aramisbarcelona.com\/wp-content\/uploads\/2016\/02\/Moda-Hombre-Barcelona-3.jpg\"  alt=\"\" style=\"visibility:hidden;\" \/><\/div>\n                             <div class=\"row\" >\n          <div class=\"inner center bottom text-center \"  style=\"width:50%;\">\n            <div class=\"inner-wrap \" style=\" \">\n                          <\/div>\n          <\/div>  \n        <\/div>\n                     <style>\n              @media only screen and (max-width: 480px) { #banner_709996647{ height:500px!important} }               <\/style>\n              <\/div><!-- end .ux_banner -->\n\n   <div id=\"banner_365495498\" class=\"ux_banner dark    \"  style=\"height:750px; \" data-height=\"750px\" role=\"banner\">\n                           <div class=\"bg-overlay\" style=\"background-color:rgba(0,0,0,0.15)\"><\/div>       <div class=\"banner-bg \"  style=\"background-image:url('https:\/\/aramisbarcelona.com\/wp-content\/uploads\/2016\/02\/Moda-Hombre-Barcelona-1.jpg'); \"><img decoding=\"async\" src=\"https:\/\/aramisbarcelona.com\/wp-content\/uploads\/2016\/02\/Moda-Hombre-Barcelona-1.jpg\"  alt=\"\" style=\"visibility:hidden;\" \/><\/div>\n                             <div class=\"row\" >\n          <div class=\"inner center bottom text-center \"  style=\"width:50%;\">\n            <div class=\"inner-wrap \" style=\" \">\n                          <\/div>\n          <\/div>  \n        <\/div>\n                     <style>\n              @media only screen and (max-width: 480px) { #banner_365495498{ height:500px!important} }               <\/style>\n              <\/div><!-- end .ux_banner -->\n\n     <\/div>\n    <div class=\"ux-loading dark\"><\/div>\n<\/div><!-- .ux-slider-wrapper -->\n\n\n<h6 style=\"text-align: center;\">FUNDADO\u00a0EN 1969<\/h6>\n","protected":false},"excerpt":{"rendered":"<p>FUNDADO\u00a0EN 1969<\/p>\n","protected":false},"author":5,"featured_media":0,"parent":0,"menu_order":0,"comment_status":"closed","ping_status":"closed","template":"page-transparent-header-light.php","meta":{"footnotes":""},"class_list":["post-11","page","type-page","status-publish","hentry"],"yoast_head":"<!-- This site is optimized with the Yoast SEO plugin v27.2 - https:\/\/yoast.com\/product\/yoast-seo-wordpress\/ -->\n<title>Aramis Barcelona \u2022 Exclusiva sastrer\u00eda desde 1969.<\/title>\n<meta name=\"description\" content=\"Somos expertos en Trajes para Hombre. Ac\u00e9rcate a nuestra tienda de Rambla Catalunya en Barcelona y descubre los Trajes de Lujo m\u00e1s exclusivos de la ciudad.\" \/>\n<meta name=\"robots\" content=\"index, follow, max-snippet:-1, max-image-preview:large, max-video-preview:-1\" \/>\n<link rel=\"canonical\" href=\"https:\/\/aramisbarcelona.com\/\" \/>\n<meta property=\"og:locale\" content=\"es_ES\" \/>\n<meta property=\"og:type\" content=\"article\" \/>\n<meta property=\"og:title\" content=\"Aramis Barcelona \u2022 Exclusiva sastrer\u00eda desde 1969.\" \/>\n<meta property=\"og:description\" content=\"Somos expertos en Trajes para Hombre. Ac\u00e9rcate a nuestra tienda de Rambla Catalunya en Barcelona y descubre los Trajes de Lujo m\u00e1s exclusivos de la ciudad.\" \/>\n<meta property=\"og:url\" content=\"https:\/\/aramisbarcelona.com\/\" \/>\n<meta property=\"og:site_name\" content=\"Aramis Barcelona\" \/>\n<meta property=\"article:publisher\" content=\"https:\/\/www.facebook.com\/AramisModa\" \/>\n<meta property=\"article:modified_time\" content=\"2016-11-22T18:06:45+00:00\" \/>\n<meta property=\"og:image\" content=\"https:\/\/aramisbarcelona.com\/wp-content\/uploads\/2016\/02\/moda-hombre-barcelona-11.jpg\" \/>\n\t<meta property=\"og:image:width\" content=\"850\" \/>\n\t<meta property=\"og:image:height\" content=\"570\" \/>\n\t<meta property=\"og:image:type\" content=\"image\/jpeg\" \/>\n<meta name=\"twitter:card\" content=\"summary_large_image\" \/>\n<meta name=\"twitter:label1\" content=\"Tiempo de lectura\" \/>\n\t<meta name=\"twitter:data1\" content=\"1 minuto\" \/>\n<script type=\"application\/ld+json\" class=\"yoast-schema-graph\">{\"@context\":\"https:\/\/schema.org\",\"@graph\":[{\"@type\":\"WebPage\",\"@id\":\"https:\/\/aramisbarcelona.com\/\",\"url\":\"https:\/\/aramisbarcelona.com\/\",\"name\":\"Aramis Barcelona \u2022 Exclusiva sastrer\u00eda desde 1969.\",\"isPartOf\":{\"@id\":\"https:\/\/aramisbarcelona.com\/#website\"},\"datePublished\":\"2016-02-16T09:49:51+00:00\",\"dateModified\":\"2016-11-22T18:06:45+00:00\",\"description\":\"Somos expertos en Trajes para Hombre. Ac\u00e9rcate a nuestra tienda de Rambla Catalunya en Barcelona y descubre los Trajes de Lujo m\u00e1s exclusivos de la ciudad.\",\"breadcrumb\":{\"@id\":\"https:\/\/aramisbarcelona.com\/#breadcrumb\"},\"inLanguage\":\"es\",\"potentialAction\":[{\"@type\":\"ReadAction\",\"target\":[\"https:\/\/aramisbarcelona.com\/\"]}]},{\"@type\":\"BreadcrumbList\",\"@id\":\"https:\/\/aramisbarcelona.com\/#breadcrumb\",\"itemListElement\":[{\"@type\":\"ListItem\",\"position\":1,\"name\":\"Home\",\"item\":\"https:\/\/aramisbarcelona.com\/\"},{\"@type\":\"ListItem\",\"position\":2,\"name\":\"Home\"}]},{\"@type\":\"WebSite\",\"@id\":\"https:\/\/aramisbarcelona.com\/#website\",\"url\":\"https:\/\/aramisbarcelona.com\/\",\"name\":\"Aramis Barcelona\",\"description\":\"Founded in 1969\",\"publisher\":{\"@id\":\"https:\/\/aramisbarcelona.com\/#organization\"},\"potentialAction\":[{\"@type\":\"SearchAction\",\"target\":{\"@type\":\"EntryPoint\",\"urlTemplate\":\"https:\/\/aramisbarcelona.com\/?s={search_term_string}\"},\"query-input\":{\"@type\":\"PropertyValueSpecification\",\"valueRequired\":true,\"valueName\":\"search_term_string\"}}],\"inLanguage\":\"es\"},{\"@type\":\"Organization\",\"@id\":\"https:\/\/aramisbarcelona.com\/#organization\",\"name\":\"Aramis Barcelona\",\"url\":\"https:\/\/aramisbarcelona.com\/\",\"logo\":{\"@type\":\"ImageObject\",\"inLanguage\":\"es\",\"@id\":\"https:\/\/aramisbarcelona.com\/#\/schema\/logo\/image\/\",\"url\":\"https:\/\/aramisbarcelona.com\/wp-content\/uploads\/2016\/02\/logo-aramis-black.png\",\"contentUrl\":\"https:\/\/aramisbarcelona.com\/wp-content\/uploads\/2016\/02\/logo-aramis-black.png\",\"width\":344,\"height\":160,\"caption\":\"Aramis Barcelona\"},\"image\":{\"@id\":\"https:\/\/aramisbarcelona.com\/#\/schema\/logo\/image\/\"},\"sameAs\":[\"https:\/\/www.facebook.com\/AramisModa\",\"https:\/\/www.instagram.com\/aramisbarcelona\/\",\"https:\/\/es.pinterest.com\/aramis_barcelon\/\"]}]}<\/script>\n<!-- \/ Yoast SEO plugin. -->","yoast_head_json":{"title":"Aramis Barcelona \u2022 Exclusiva sastrer\u00eda desde 1969.","description":"Somos expertos en Trajes para Hombre. Ac\u00e9rcate a nuestra tienda de Rambla Catalunya en Barcelona y descubre los Trajes de Lujo m\u00e1s exclusivos de la ciudad.","robots":{"index":"index","follow":"follow","max-snippet":"max-snippet:-1","max-image-preview":"max-image-preview:large","max-video-preview":"max-video-preview:-1"},"canonical":"https:\/\/aramisbarcelona.com\/","og_locale":"es_ES","og_type":"article","og_title":"Aramis Barcelona \u2022 Exclusiva sastrer\u00eda desde 1969.","og_description":"Somos expertos en Trajes para Hombre. Ac\u00e9rcate a nuestra tienda de Rambla Catalunya en Barcelona y descubre los Trajes de Lujo m\u00e1s exclusivos de la ciudad.","og_url":"https:\/\/aramisbarcelona.com\/","og_site_name":"Aramis Barcelona","article_publisher":"https:\/\/www.facebook.com\/AramisModa","article_modified_time":"2016-11-22T18:06:45+00:00","og_image":[{"width":850,"height":570,"url":"https:\/\/aramisbarcelona.com\/wp-content\/uploads\/2016\/02\/moda-hombre-barcelona-11.jpg","type":"image\/jpeg"}],"twitter_card":"summary_large_image","twitter_misc":{"Tiempo de lectura":"1 minuto"},"schema":{"@context":"https:\/\/schema.org","@graph":[{"@type":"WebPage","@id":"https:\/\/aramisbarcelona.com\/","url":"https:\/\/aramisbarcelona.com\/","name":"Aramis Barcelona \u2022 Exclusiva sastrer\u00eda desde 1969.","isPartOf":{"@id":"https:\/\/aramisbarcelona.com\/#website"},"datePublished":"2016-02-16T09:49:51+00:00","dateModified":"2016-11-22T18:06:45+00:00","description":"Somos expertos en Trajes para Hombre. Ac\u00e9rcate a nuestra tienda de Rambla Catalunya en Barcelona y descubre los Trajes de Lujo m\u00e1s exclusivos de la ciudad.","breadcrumb":{"@id":"https:\/\/aramisbarcelona.com\/#breadcrumb"},"inLanguage":"es","potentialAction":[{"@type":"ReadAction","target":["https:\/\/aramisbarcelona.com\/"]}]},{"@type":"BreadcrumbList","@id":"https:\/\/aramisbarcelona.com\/#breadcrumb","itemListElement":[{"@type":"ListItem","position":1,"name":"Home","item":"https:\/\/aramisbarcelona.com\/"},{"@type":"ListItem","position":2,"name":"Home"}]},{"@type":"WebSite","@id":"https:\/\/aramisbarcelona.com\/#website","url":"https:\/\/aramisbarcelona.com\/","name":"Aramis Barcelona","description":"Founded in 1969","publisher":{"@id":"https:\/\/aramisbarcelona.com\/#organization"},"potentialAction":[{"@type":"SearchAction","target":{"@type":"EntryPoint","urlTemplate":"https:\/\/aramisbarcelona.com\/?s={search_term_string}"},"query-input":{"@type":"PropertyValueSpecification","valueRequired":true,"valueName":"search_term_string"}}],"inLanguage":"es"},{"@type":"Organization","@id":"https:\/\/aramisbarcelona.com\/#organization","name":"Aramis Barcelona","url":"https:\/\/aramisbarcelona.com\/","logo":{"@type":"ImageObject","inLanguage":"es","@id":"https:\/\/aramisbarcelona.com\/#\/schema\/logo\/image\/","url":"https:\/\/aramisbarcelona.com\/wp-content\/uploads\/2016\/02\/logo-aramis-black.png","contentUrl":"https:\/\/aramisbarcelona.com\/wp-content\/uploads\/2016\/02\/logo-aramis-black.png","width":344,"height":160,"caption":"Aramis Barcelona"},"image":{"@id":"https:\/\/aramisbarcelona.com\/#\/schema\/logo\/image\/"},"sameAs":["https:\/\/www.facebook.com\/AramisModa","https:\/\/www.instagram.com\/aramisbarcelona\/","https:\/\/es.pinterest.com\/aramis_barcelon\/"]}]}},"_links":{"self":[{"href":"https:\/\/aramisbarcelona.com\/es\/wp-json\/wp\/v2\/pages\/11","targetHints":{"allow":["GET"]}}],"collection":[{"href":"https:\/\/aramisbarcelona.com\/es\/wp-json\/wp\/v2\/pages"}],"about":[{"href":"https:\/\/aramisbarcelona.com\/es\/wp-json\/wp\/v2\/types\/page"}],"author":[{"embeddable":true,"href":"https:\/\/aramisbarcelona.com\/es\/wp-json\/wp\/v2\/users\/5"}],"replies":[{"embeddable":true,"href":"https:\/\/aramisbarcelona.com\/es\/wp-json\/wp\/v2\/comments?post=11"}],"version-history":[{"count":20,"href":"https:\/\/aramisbarcelona.com\/es\/wp-json\/wp\/v2\/pages\/11\/revisions"}],"predecessor-version":[{"id":286,"href":"https:\/\/aramisbarcelona.com\/es\/wp-json\/wp\/v2\/pages\/11\/revisions\/286"}],"wp:attachment":[{"href":"https:\/\/aramisbarcelona.com\/es\/wp-json\/wp\/v2\/media?parent=11"}],"curies":[{"name":"wp","href":"https:\/\/api.w.org\/{rel}","templated":true}]}}