{"id":15,"date":"2016-02-16T09:50:25","date_gmt":"2016-02-16T09:50:25","guid":{"rendered":"http:\/\/aramis.drac.info\/?page_id=15"},"modified":"2016-08-03T06:01:01","modified_gmt":"2016-08-03T06:01:01","slug":"woman","status":"publish","type":"page","link":"https:\/\/aramisbarcelona.com\/es\/woman\/","title":{"rendered":"Moda Mujer"},"content":{"rendered":"\t<div  class=\"row container \">\n<div class=\"small-12   catalogo_titulo large-12  columns   \"  ><div class=\"column-inner\"  >\n<h1 class=\"alt-font\" style=\"text-align: center;\">MUJER<\/h1>\n<p>Aramis, como instituci\u00f3n en Barcelona desde su fundaci\u00f3n en diciembre de 1969, ha sabido siempre rodearse de marcas de referencia en el sector de la moda, sintetizando el esp\u00edritu cl\u00e1sico con las tendencias m\u00e1s actualizadas. Siempre ha buscado la excelencia en los materiales y que la elaboraci\u00f3n sea, en gran medida,<em> handmade<\/em>.<\/p>\n<p>&nbsp;<\/p>\n<\/div><\/div>\n<div class=\"small-12    large-6  columns   \"  ><div class=\"column-inner\"  >\n<h3 class=\"alt-font\" style=\"text-align: justify;\">Fur Collection<\/h3>\n<p>Siempre se ha dicho que las pieles favorecen a la mujer, pero hablando de la colecci\u00f3n de piel de Aramis este dicho se transforma en una m\u00e1xima, ya que las prendas \u00a0sorprenden por su ligereza, y se adaptan como un guante a todas las siluetas. Cada una de las prendas de esta colecci\u00f3n ha sido pensada para vestir como una segunda piel; prendas que sirvan para ma\u00f1ana, tarde y noche: visones ras\u00e9, en colores fancy, de extremada ligereza, martas cibelinas, y chinchillas, para dar a la mujer un aire muy joven.<\/p>\n<\/div><\/div>\n<div class=\"small-12    large-6  columns   \"  ><div class=\"column-inner\"  >\n<h3 class=\"alt-font\" style=\"text-align: justify;\">Accesorios<\/h3>\n<p>Aramis tiene en exclusiva la colecci\u00f3n de bolsos y complementos Tissa Fontaneda.<\/p>\n<p>Adem\u00e1s de Loewe, Tissa, tambi\u00e9n ha trabajado en varias prestigiosas \u00a0marcas multinacionales como Cartier, Dunhill , Connolly, y Louis Vuitton. En definitiva, todos los accesorios de la colecci\u00f3n se caracterizan por su calidad impecable, \u00a0fabricaci\u00f3n \u00a0artesanal \u00a0y por la atenci\u00f3n al detalle.<\/p>\n<\/div><\/div>\n<div class=\"small-12    large-12  columns   \"  ><div class=\"column-inner\"  >\n<div class=\"wc-gallery\"><div id='gallery-1' data-gutter-width='5' data-columns='3' class='gallery wc-gallery-captions-hide gallery-link-file gallery-masonry galleryid-15 gallery-columns-3 gallery-size-medium wc-gallery-bottomspace-default wc-gallery-clear'><div class='gallery-item gallery-item-position-1 gallery-item-attachment-118'>\n\t\t\t\t<div class='gallery-icon landscape'>\n\t\t\t\t\t<a href='https:\/\/aramisbarcelona.com\/wp-content\/uploads\/2016\/02\/moda-hombre-barcelona-1.jpg' title='moda-hombre-barcelona-1' target='_self'><img loading=\"lazy\" decoding=\"async\" width=\"800\" height=\"534\" src=\"https:\/\/aramisbarcelona.com\/wp-content\/uploads\/2016\/02\/moda-hombre-barcelona-1-800x534.jpg\" class=\"attachment-medium size-medium\" alt=\"\" srcset=\"https:\/\/aramisbarcelona.com\/wp-content\/uploads\/2016\/02\/moda-hombre-barcelona-1-800x534.jpg 800w, https:\/\/aramisbarcelona.com\/wp-content\/uploads\/2016\/02\/moda-hombre-barcelona-1-768x512.jpg 768w, https:\/\/aramisbarcelona.com\/wp-content\/uploads\/2016\/02\/moda-hombre-barcelona-1-250x167.jpg 250w, https:\/\/aramisbarcelona.com\/wp-content\/uploads\/2016\/02\/moda-hombre-barcelona-1-550x367.jpg 550w, https:\/\/aramisbarcelona.com\/wp-content\/uploads\/2016\/02\/moda-hombre-barcelona-1-270x180.jpg 270w, https:\/\/aramisbarcelona.com\/wp-content\/uploads\/2016\/02\/moda-hombre-barcelona-1-450x300.jpg 450w, https:\/\/aramisbarcelona.com\/wp-content\/uploads\/2016\/02\/moda-hombre-barcelona-1-750x500.jpg 750w, https:\/\/aramisbarcelona.com\/wp-content\/uploads\/2016\/02\/moda-hombre-barcelona-1.jpg 850w\" sizes=\"auto, (max-width: 800px) 100vw, 800px\" \/><\/a>\n\t\t\t\t<\/div><\/div><div class='gallery-item gallery-item-position-2 gallery-item-attachment-140'>\n\t\t\t\t<div class='gallery-icon landscape'>\n\t\t\t\t\t<a href='https:\/\/aramisbarcelona.com\/wp-content\/uploads\/2016\/02\/moda-hombre-barcelona-17.jpg' title='moda-hombre-barcelona-17' target='_self'><img loading=\"lazy\" decoding=\"async\" width=\"800\" height=\"533\" src=\"https:\/\/aramisbarcelona.com\/wp-content\/uploads\/2016\/02\/moda-hombre-barcelona-17-800x533.jpg\" class=\"attachment-medium size-medium\" alt=\"\" srcset=\"https:\/\/aramisbarcelona.com\/wp-content\/uploads\/2016\/02\/moda-hombre-barcelona-17-800x533.jpg 800w, https:\/\/aramisbarcelona.com\/wp-content\/uploads\/2016\/02\/moda-hombre-barcelona-17-768x511.jpg 768w, https:\/\/aramisbarcelona.com\/wp-content\/uploads\/2016\/02\/moda-hombre-barcelona-17-250x166.jpg 250w, https:\/\/aramisbarcelona.com\/wp-content\/uploads\/2016\/02\/moda-hombre-barcelona-17-550x366.jpg 550w, https:\/\/aramisbarcelona.com\/wp-content\/uploads\/2016\/02\/moda-hombre-barcelona-17-270x180.jpg 270w, https:\/\/aramisbarcelona.com\/wp-content\/uploads\/2016\/02\/moda-hombre-barcelona-17-451x300.jpg 451w, https:\/\/aramisbarcelona.com\/wp-content\/uploads\/2016\/02\/moda-hombre-barcelona-17-751x500.jpg 751w, https:\/\/aramisbarcelona.com\/wp-content\/uploads\/2016\/02\/moda-hombre-barcelona-17.jpg 850w\" sizes=\"auto, (max-width: 800px) 100vw, 800px\" \/><\/a>\n\t\t\t\t<\/div><\/div><div class='gallery-item gallery-item-position-3 gallery-item-attachment-120'>\n\t\t\t\t<div class='gallery-icon landscape'>\n\t\t\t\t\t<a href='https:\/\/aramisbarcelona.com\/wp-content\/uploads\/2016\/02\/moda-hombre-barcelona-3.jpg' title='moda-hombre-barcelona-3' target='_self'><img loading=\"lazy\" decoding=\"async\" width=\"800\" height=\"800\" src=\"https:\/\/aramisbarcelona.com\/wp-content\/uploads\/2016\/02\/moda-hombre-barcelona-3-800x800.jpg\" class=\"attachment-medium size-medium\" alt=\"\" srcset=\"https:\/\/aramisbarcelona.com\/wp-content\/uploads\/2016\/02\/moda-hombre-barcelona-3-800x800.jpg 800w, https:\/\/aramisbarcelona.com\/wp-content\/uploads\/2016\/02\/moda-hombre-barcelona-3-340x340.jpg 340w, https:\/\/aramisbarcelona.com\/wp-content\/uploads\/2016\/02\/moda-hombre-barcelona-3-768x768.jpg 768w, https:\/\/aramisbarcelona.com\/wp-content\/uploads\/2016\/02\/moda-hombre-barcelona-3-48x48.jpg 48w, https:\/\/aramisbarcelona.com\/wp-content\/uploads\/2016\/02\/moda-hombre-barcelona-3-300x300.jpg 300w, https:\/\/aramisbarcelona.com\/wp-content\/uploads\/2016\/02\/moda-hombre-barcelona-3-250x250.jpg 250w, https:\/\/aramisbarcelona.com\/wp-content\/uploads\/2016\/02\/moda-hombre-barcelona-3-550x550.jpg 550w, https:\/\/aramisbarcelona.com\/wp-content\/uploads\/2016\/02\/moda-hombre-barcelona-3-180x180.jpg 180w, https:\/\/aramisbarcelona.com\/wp-content\/uploads\/2016\/02\/moda-hombre-barcelona-3-500x500.jpg 500w, https:\/\/aramisbarcelona.com\/wp-content\/uploads\/2016\/02\/moda-hombre-barcelona-3.jpg 850w\" sizes=\"auto, (max-width: 800px) 100vw, 800px\" \/><\/a>\n\t\t\t\t<\/div><\/div><div class='gallery-item gallery-item-position-4 gallery-item-attachment-159'>\n\t\t\t\t<div class='gallery-icon portrait'>\n\t\t\t\t\t<a href='https:\/\/aramisbarcelona.com\/wp-content\/uploads\/2016\/02\/w-DSC_0362-1067x1600.jpg' title='w-DSC_0362' target='_self'><img loading=\"lazy\" decoding=\"async\" width=\"533\" height=\"800\" src=\"https:\/\/aramisbarcelona.com\/wp-content\/uploads\/2016\/02\/w-DSC_0362-533x800.jpg\" class=\"attachment-medium size-medium\" alt=\"\" srcset=\"https:\/\/aramisbarcelona.com\/wp-content\/uploads\/2016\/02\/w-DSC_0362-533x800.jpg 533w, https:\/\/aramisbarcelona.com\/wp-content\/uploads\/2016\/02\/w-DSC_0362-768x1152.jpg 768w, https:\/\/aramisbarcelona.com\/wp-content\/uploads\/2016\/02\/w-DSC_0362-1067x1600.jpg 1067w, https:\/\/aramisbarcelona.com\/wp-content\/uploads\/2016\/02\/w-DSC_0362-250x375.jpg 250w, https:\/\/aramisbarcelona.com\/wp-content\/uploads\/2016\/02\/w-DSC_0362-550x825.jpg 550w, https:\/\/aramisbarcelona.com\/wp-content\/uploads\/2016\/02\/w-DSC_0362-800x1200.jpg 800w, https:\/\/aramisbarcelona.com\/wp-content\/uploads\/2016\/02\/w-DSC_0362-120x180.jpg 120w, https:\/\/aramisbarcelona.com\/wp-content\/uploads\/2016\/02\/w-DSC_0362-200x300.jpg 200w, https:\/\/aramisbarcelona.com\/wp-content\/uploads\/2016\/02\/w-DSC_0362-333x500.jpg 333w\" sizes=\"auto, (max-width: 533px) 100vw, 533px\" \/><\/a>\n\t\t\t\t<\/div><\/div><div class='gallery-item gallery-item-position-5 gallery-item-attachment-160'>\n\t\t\t\t<div class='gallery-icon portrait'>\n\t\t\t\t\t<a href='https:\/\/aramisbarcelona.com\/wp-content\/uploads\/2016\/02\/w-DSC_0417-1067x1600.jpg' title='w-DSC_0417' target='_self'><img loading=\"lazy\" decoding=\"async\" width=\"533\" height=\"800\" src=\"https:\/\/aramisbarcelona.com\/wp-content\/uploads\/2016\/02\/w-DSC_0417-533x800.jpg\" class=\"attachment-medium size-medium\" alt=\"\" srcset=\"https:\/\/aramisbarcelona.com\/wp-content\/uploads\/2016\/02\/w-DSC_0417-533x800.jpg 533w, https:\/\/aramisbarcelona.com\/wp-content\/uploads\/2016\/02\/w-DSC_0417-768x1152.jpg 768w, https:\/\/aramisbarcelona.com\/wp-content\/uploads\/2016\/02\/w-DSC_0417-1067x1600.jpg 1067w, https:\/\/aramisbarcelona.com\/wp-content\/uploads\/2016\/02\/w-DSC_0417-250x375.jpg 250w, https:\/\/aramisbarcelona.com\/wp-content\/uploads\/2016\/02\/w-DSC_0417-550x825.jpg 550w, https:\/\/aramisbarcelona.com\/wp-content\/uploads\/2016\/02\/w-DSC_0417-800x1200.jpg 800w, https:\/\/aramisbarcelona.com\/wp-content\/uploads\/2016\/02\/w-DSC_0417-120x180.jpg 120w, https:\/\/aramisbarcelona.com\/wp-content\/uploads\/2016\/02\/w-DSC_0417-200x300.jpg 200w, https:\/\/aramisbarcelona.com\/wp-content\/uploads\/2016\/02\/w-DSC_0417-333x500.jpg 333w\" sizes=\"auto, (max-width: 533px) 100vw, 533px\" \/><\/a>\n\t\t\t\t<\/div><\/div><div class='gallery-item gallery-item-position-6 gallery-item-attachment-164'>\n\t\t\t\t<div class='gallery-icon portrait'>\n\t\t\t\t\t<a href='https:\/\/aramisbarcelona.com\/wp-content\/uploads\/2016\/02\/w-DAMA-1061x1600.jpg' title='w-DAMA' target='_self'><img loading=\"lazy\" decoding=\"async\" width=\"530\" height=\"800\" src=\"https:\/\/aramisbarcelona.com\/wp-content\/uploads\/2016\/02\/w-DAMA-530x800.jpg\" class=\"attachment-medium size-medium\" alt=\"\" srcset=\"https:\/\/aramisbarcelona.com\/wp-content\/uploads\/2016\/02\/w-DAMA-530x800.jpg 530w, https:\/\/aramisbarcelona.com\/wp-content\/uploads\/2016\/02\/w-DAMA-768x1159.jpg 768w, https:\/\/aramisbarcelona.com\/wp-content\/uploads\/2016\/02\/w-DAMA-1061x1600.jpg 1061w, https:\/\/aramisbarcelona.com\/wp-content\/uploads\/2016\/02\/w-DAMA-250x377.jpg 250w, https:\/\/aramisbarcelona.com\/wp-content\/uploads\/2016\/02\/w-DAMA-550x830.jpg 550w, https:\/\/aramisbarcelona.com\/wp-content\/uploads\/2016\/02\/w-DAMA-800x1207.jpg 800w, https:\/\/aramisbarcelona.com\/wp-content\/uploads\/2016\/02\/w-DAMA-119x180.jpg 119w, https:\/\/aramisbarcelona.com\/wp-content\/uploads\/2016\/02\/w-DAMA-199x300.jpg 199w, https:\/\/aramisbarcelona.com\/wp-content\/uploads\/2016\/02\/w-DAMA-331x500.jpg 331w\" sizes=\"auto, (max-width: 530px) 100vw, 530px\" \/><\/a>\n\t\t\t\t<\/div><\/div><div class='gallery-item gallery-item-position-7 gallery-item-attachment-165'>\n\t\t\t\t<div class='gallery-icon landscape'>\n\t\t\t\t\t<a href='https:\/\/aramisbarcelona.com\/wp-content\/uploads\/2016\/02\/w-Screen-Shot-2016-03-11-at-12.39.49.png' title='w-Screen Shot 2016-03-11 at 12.39.49' target='_self'><img loading=\"lazy\" decoding=\"async\" width=\"800\" height=\"565\" src=\"https:\/\/aramisbarcelona.com\/wp-content\/uploads\/2016\/02\/w-Screen-Shot-2016-03-11-at-12.39.49-800x565.png\" class=\"attachment-medium size-medium\" alt=\"\" srcset=\"https:\/\/aramisbarcelona.com\/wp-content\/uploads\/2016\/02\/w-Screen-Shot-2016-03-11-at-12.39.49-800x565.png 800w, https:\/\/aramisbarcelona.com\/wp-content\/uploads\/2016\/02\/w-Screen-Shot-2016-03-11-at-12.39.49-768x543.png 768w, https:\/\/aramisbarcelona.com\/wp-content\/uploads\/2016\/02\/w-Screen-Shot-2016-03-11-at-12.39.49-250x177.png 250w, https:\/\/aramisbarcelona.com\/wp-content\/uploads\/2016\/02\/w-Screen-Shot-2016-03-11-at-12.39.49-550x389.png 550w, https:\/\/aramisbarcelona.com\/wp-content\/uploads\/2016\/02\/w-Screen-Shot-2016-03-11-at-12.39.49-255x180.png 255w, https:\/\/aramisbarcelona.com\/wp-content\/uploads\/2016\/02\/w-Screen-Shot-2016-03-11-at-12.39.49-425x300.png 425w, https:\/\/aramisbarcelona.com\/wp-content\/uploads\/2016\/02\/w-Screen-Shot-2016-03-11-at-12.39.49-708x500.png 708w, https:\/\/aramisbarcelona.com\/wp-content\/uploads\/2016\/02\/w-Screen-Shot-2016-03-11-at-12.39.49.png 1210w\" sizes=\"auto, (max-width: 800px) 100vw, 800px\" \/><\/a>\n\t\t\t\t<\/div><\/div><\/div>\n<\/div>\n<\/div><\/div>\n<\/div>\n  \n","protected":false},"excerpt":{"rendered":"","protected":false},"author":5,"featured_media":0,"parent":0,"menu_order":0,"comment_status":"closed","ping_status":"closed","template":"page-blank.php","meta":{"footnotes":""},"class_list":["post-15","page","type-page","status-publish","hentry"],"yoast_head":"<!-- This site is optimized with the Yoast SEO plugin v27.2 - https:\/\/yoast.com\/product\/yoast-seo-wordpress\/ -->\n<title>Aramis Barcelona \u2022 Moda exclusiva para mujer y trajes a medida.<\/title>\n<meta name=\"description\" content=\"Somos expertos en moda exclusiva de lujo para hombre y mujer. Ac\u00e9rcate a nuestra tienda de Rambla Catalunya en Barcelona y desc\u00fabrenos.\" \/>\n<meta name=\"robots\" content=\"index, follow, max-snippet:-1, max-image-preview:large, max-video-preview:-1\" \/>\n<link rel=\"canonical\" href=\"https:\/\/aramisbarcelona.com\/woman\/\" \/>\n<meta property=\"og:locale\" content=\"es_ES\" \/>\n<meta property=\"og:type\" content=\"article\" \/>\n<meta property=\"og:title\" content=\"Aramis Barcelona \u2022 Moda exclusiva para mujer y trajes a medida.\" \/>\n<meta property=\"og:description\" content=\"Somos expertos en moda exclusiva de lujo para hombre y mujer. Ac\u00e9rcate a nuestra tienda de Rambla Catalunya en Barcelona y desc\u00fabrenos.\" \/>\n<meta property=\"og:url\" content=\"https:\/\/aramisbarcelona.com\/woman\/\" \/>\n<meta property=\"og:site_name\" content=\"Aramis Barcelona\" \/>\n<meta property=\"article:publisher\" content=\"https:\/\/www.facebook.com\/AramisModa\" \/>\n<meta property=\"article:modified_time\" content=\"2016-08-03T06:01:01+00:00\" \/>\n<meta property=\"og:image\" content=\"https:\/\/aramisbarcelona.com\/wp-content\/uploads\/2016\/02\/moda-hombre-barcelona-11.jpg\" \/>\n\t<meta property=\"og:image:width\" content=\"850\" \/>\n\t<meta property=\"og:image:height\" content=\"570\" \/>\n\t<meta property=\"og:image:type\" content=\"image\/jpeg\" \/>\n<meta name=\"twitter:card\" content=\"summary_large_image\" \/>\n<meta name=\"twitter:label1\" content=\"Tiempo de lectura\" \/>\n\t<meta name=\"twitter:data1\" content=\"1 minuto\" \/>\n<script type=\"application\/ld+json\" class=\"yoast-schema-graph\">{\"@context\":\"https:\/\/schema.org\",\"@graph\":[{\"@type\":\"WebPage\",\"@id\":\"https:\/\/aramisbarcelona.com\/woman\/\",\"url\":\"https:\/\/aramisbarcelona.com\/woman\/\",\"name\":\"Aramis Barcelona \u2022 Moda exclusiva para mujer y trajes a medida.\",\"isPartOf\":{\"@id\":\"https:\/\/aramisbarcelona.com\/#website\"},\"datePublished\":\"2016-02-16T09:50:25+00:00\",\"dateModified\":\"2016-08-03T06:01:01+00:00\",\"description\":\"Somos expertos en moda exclusiva de lujo para hombre y mujer. Ac\u00e9rcate a nuestra tienda de Rambla Catalunya en Barcelona y desc\u00fabrenos.\",\"breadcrumb\":{\"@id\":\"https:\/\/aramisbarcelona.com\/woman\/#breadcrumb\"},\"inLanguage\":\"es\",\"potentialAction\":[{\"@type\":\"ReadAction\",\"target\":[\"https:\/\/aramisbarcelona.com\/woman\/\"]}]},{\"@type\":\"BreadcrumbList\",\"@id\":\"https:\/\/aramisbarcelona.com\/woman\/#breadcrumb\",\"itemListElement\":[{\"@type\":\"ListItem\",\"position\":1,\"name\":\"Home\",\"item\":\"https:\/\/aramisbarcelona.com\/\"},{\"@type\":\"ListItem\",\"position\":2,\"name\":\"Women\"}]},{\"@type\":\"WebSite\",\"@id\":\"https:\/\/aramisbarcelona.com\/#website\",\"url\":\"https:\/\/aramisbarcelona.com\/\",\"name\":\"Aramis Barcelona\",\"description\":\"Founded in 1969\",\"publisher\":{\"@id\":\"https:\/\/aramisbarcelona.com\/#organization\"},\"potentialAction\":[{\"@type\":\"SearchAction\",\"target\":{\"@type\":\"EntryPoint\",\"urlTemplate\":\"https:\/\/aramisbarcelona.com\/?s={search_term_string}\"},\"query-input\":{\"@type\":\"PropertyValueSpecification\",\"valueRequired\":true,\"valueName\":\"search_term_string\"}}],\"inLanguage\":\"es\"},{\"@type\":\"Organization\",\"@id\":\"https:\/\/aramisbarcelona.com\/#organization\",\"name\":\"Aramis Barcelona\",\"url\":\"https:\/\/aramisbarcelona.com\/\",\"logo\":{\"@type\":\"ImageObject\",\"inLanguage\":\"es\",\"@id\":\"https:\/\/aramisbarcelona.com\/#\/schema\/logo\/image\/\",\"url\":\"https:\/\/aramisbarcelona.com\/wp-content\/uploads\/2016\/02\/logo-aramis-black.png\",\"contentUrl\":\"https:\/\/aramisbarcelona.com\/wp-content\/uploads\/2016\/02\/logo-aramis-black.png\",\"width\":344,\"height\":160,\"caption\":\"Aramis Barcelona\"},\"image\":{\"@id\":\"https:\/\/aramisbarcelona.com\/#\/schema\/logo\/image\/\"},\"sameAs\":[\"https:\/\/www.facebook.com\/AramisModa\",\"https:\/\/www.instagram.com\/aramisbarcelona\/\",\"https:\/\/es.pinterest.com\/aramis_barcelon\/\"]}]}<\/script>\n<!-- \/ Yoast SEO plugin. -->","yoast_head_json":{"title":"Aramis Barcelona \u2022 Moda exclusiva para mujer y trajes a medida.","description":"Somos expertos en moda exclusiva de lujo para hombre y mujer. Ac\u00e9rcate a nuestra tienda de Rambla Catalunya en Barcelona y desc\u00fabrenos.","robots":{"index":"index","follow":"follow","max-snippet":"max-snippet:-1","max-image-preview":"max-image-preview:large","max-video-preview":"max-video-preview:-1"},"canonical":"https:\/\/aramisbarcelona.com\/woman\/","og_locale":"es_ES","og_type":"article","og_title":"Aramis Barcelona \u2022 Moda exclusiva para mujer y trajes a medida.","og_description":"Somos expertos en moda exclusiva de lujo para hombre y mujer. Ac\u00e9rcate a nuestra tienda de Rambla Catalunya en Barcelona y desc\u00fabrenos.","og_url":"https:\/\/aramisbarcelona.com\/woman\/","og_site_name":"Aramis Barcelona","article_publisher":"https:\/\/www.facebook.com\/AramisModa","article_modified_time":"2016-08-03T06:01:01+00:00","og_image":[{"width":850,"height":570,"url":"https:\/\/aramisbarcelona.com\/wp-content\/uploads\/2016\/02\/moda-hombre-barcelona-11.jpg","type":"image\/jpeg"}],"twitter_card":"summary_large_image","twitter_misc":{"Tiempo de lectura":"1 minuto"},"schema":{"@context":"https:\/\/schema.org","@graph":[{"@type":"WebPage","@id":"https:\/\/aramisbarcelona.com\/woman\/","url":"https:\/\/aramisbarcelona.com\/woman\/","name":"Aramis Barcelona \u2022 Moda exclusiva para mujer y trajes a medida.","isPartOf":{"@id":"https:\/\/aramisbarcelona.com\/#website"},"datePublished":"2016-02-16T09:50:25+00:00","dateModified":"2016-08-03T06:01:01+00:00","description":"Somos expertos en moda exclusiva de lujo para hombre y mujer. Ac\u00e9rcate a nuestra tienda de Rambla Catalunya en Barcelona y desc\u00fabrenos.","breadcrumb":{"@id":"https:\/\/aramisbarcelona.com\/woman\/#breadcrumb"},"inLanguage":"es","potentialAction":[{"@type":"ReadAction","target":["https:\/\/aramisbarcelona.com\/woman\/"]}]},{"@type":"BreadcrumbList","@id":"https:\/\/aramisbarcelona.com\/woman\/#breadcrumb","itemListElement":[{"@type":"ListItem","position":1,"name":"Home","item":"https:\/\/aramisbarcelona.com\/"},{"@type":"ListItem","position":2,"name":"Women"}]},{"@type":"WebSite","@id":"https:\/\/aramisbarcelona.com\/#website","url":"https:\/\/aramisbarcelona.com\/","name":"Aramis Barcelona","description":"Founded in 1969","publisher":{"@id":"https:\/\/aramisbarcelona.com\/#organization"},"potentialAction":[{"@type":"SearchAction","target":{"@type":"EntryPoint","urlTemplate":"https:\/\/aramisbarcelona.com\/?s={search_term_string}"},"query-input":{"@type":"PropertyValueSpecification","valueRequired":true,"valueName":"search_term_string"}}],"inLanguage":"es"},{"@type":"Organization","@id":"https:\/\/aramisbarcelona.com\/#organization","name":"Aramis Barcelona","url":"https:\/\/aramisbarcelona.com\/","logo":{"@type":"ImageObject","inLanguage":"es","@id":"https:\/\/aramisbarcelona.com\/#\/schema\/logo\/image\/","url":"https:\/\/aramisbarcelona.com\/wp-content\/uploads\/2016\/02\/logo-aramis-black.png","contentUrl":"https:\/\/aramisbarcelona.com\/wp-content\/uploads\/2016\/02\/logo-aramis-black.png","width":344,"height":160,"caption":"Aramis Barcelona"},"image":{"@id":"https:\/\/aramisbarcelona.com\/#\/schema\/logo\/image\/"},"sameAs":["https:\/\/www.facebook.com\/AramisModa","https:\/\/www.instagram.com\/aramisbarcelona\/","https:\/\/es.pinterest.com\/aramis_barcelon\/"]}]}},"_links":{"self":[{"href":"https:\/\/aramisbarcelona.com\/es\/wp-json\/wp\/v2\/pages\/15","targetHints":{"allow":["GET"]}}],"collection":[{"href":"https:\/\/aramisbarcelona.com\/es\/wp-json\/wp\/v2\/pages"}],"about":[{"href":"https:\/\/aramisbarcelona.com\/es\/wp-json\/wp\/v2\/types\/page"}],"author":[{"embeddable":true,"href":"https:\/\/aramisbarcelona.com\/es\/wp-json\/wp\/v2\/users\/5"}],"replies":[{"embeddable":true,"href":"https:\/\/aramisbarcelona.com\/es\/wp-json\/wp\/v2\/comments?post=15"}],"version-history":[{"count":15,"href":"https:\/\/aramisbarcelona.com\/es\/wp-json\/wp\/v2\/pages\/15\/revisions"}],"predecessor-version":[{"id":194,"href":"https:\/\/aramisbarcelona.com\/es\/wp-json\/wp\/v2\/pages\/15\/revisions\/194"}],"wp:attachment":[{"href":"https:\/\/aramisbarcelona.com\/es\/wp-json\/wp\/v2\/media?parent=15"}],"curies":[{"name":"wp","href":"https:\/\/api.w.org\/{rel}","templated":true}]}}