{"id":169,"date":"2016-03-24T10:32:03","date_gmt":"2016-03-24T10:32:03","guid":{"rendered":"http:\/\/aramisbarcelona.com\/?page_id=169"},"modified":"2016-03-24T10:41:23","modified_gmt":"2016-03-24T10:41:23","slug":"trajes-para-hombre","status":"publish","type":"page","link":"https:\/\/aramisbarcelona.com\/es\/trajes-para-hombre\/","title":{"rendered":"Trajes para hombre"},"content":{"rendered":"\t<div  class=\"row container trajes\">\n<div class=\"small-12    large-6  columns   \"  ><div class=\"column-inner\"  >\n<p>En Aramis Barcelona somos expertos en <strong>Trajes para Hombre<\/strong>. Ac\u00e9rcate a nuestra tienda de Rambla de Catalunya en Barcelona para probarte nuestros m\u00e1s exclusivos modelos de <strong>Trajes de Lujo<\/strong>.<\/p>\n<p style=\"text-align: justify;\">Hacemos <strong>Trajes a Medida<\/strong>, entendiendo totalmente tus necesidades y estilo, para ofrecerte el mejor servicio de Barcelona de <strong>Trajes hechos a mano<\/strong>.\u00a0Ven a conocer nuestros <strong>Trajes para Hombre<\/strong> y descubre la calidad suprema de Aramis Barcelona.<\/p>\n<p style=\"text-align: justify;\">Aramis es una de las tiendas de ropa de hombre y mujer m\u00e1s distinguidas y exclusivas de Barcelona, fundada en diciembre de 1969 por Mario Framis De La Valette. En Aramis siempre encontrar\u00e1s ropa de vestir y de sport elegante, con estilo y de alta calidad. Las inconfundibles chaquetas y los su\u00e9teres de cachemir para el invierno son s\u00f3lo algunas de nuestras sugerencias.<\/p>\n<p style=\"text-align: justify;\">Sus tiendas en Barcelona son la sobria elegancia que sintetiza el mejor esp\u00edritu cl\u00e1sico con las tendencias m\u00e1s modernas. Entre los clientes de Aramis se encuentran hombres y mujeres de la <strong>clase alta de Barcelona<\/strong>, \u200b\u200bpersonalidades del mundo de la pol\u00edtica, las artes, el cine y el teatro, as\u00ed como Su Majestad el Rey de Espa\u00f1a, ya que la boutique es proveedora de la Casa Real.<\/p>\n<\/div><\/div>\n<div class=\"small-12    large-6  columns   \"  ><div class=\"column-inner\"  >\n<p><a href=\"trajes para hombe\"><img loading=\"lazy\" decoding=\"async\" class=\"aligncenter wp-image-146 size-full\" src=\"https:\/\/aramisbarcelona.com\/wp-content\/uploads\/2016\/02\/moda-hombre-barcelona-22.jpg\" alt=\"trajes para hombe\" width=\"565\" height=\"850\" srcset=\"https:\/\/aramisbarcelona.com\/wp-content\/uploads\/2016\/02\/moda-hombre-barcelona-22.jpg 565w, https:\/\/aramisbarcelona.com\/wp-content\/uploads\/2016\/02\/moda-hombre-barcelona-22-532x800.jpg 532w, https:\/\/aramisbarcelona.com\/wp-content\/uploads\/2016\/02\/moda-hombre-barcelona-22-250x376.jpg 250w, https:\/\/aramisbarcelona.com\/wp-content\/uploads\/2016\/02\/moda-hombre-barcelona-22-550x827.jpg 550w, https:\/\/aramisbarcelona.com\/wp-content\/uploads\/2016\/02\/moda-hombre-barcelona-22-120x180.jpg 120w, https:\/\/aramisbarcelona.com\/wp-content\/uploads\/2016\/02\/moda-hombre-barcelona-22-199x300.jpg 199w, https:\/\/aramisbarcelona.com\/wp-content\/uploads\/2016\/02\/moda-hombre-barcelona-22-332x500.jpg 332w\" sizes=\"auto, (max-width: 565px) 100vw, 565px\" \/><\/a><\/p>\n<\/div><\/div>\n<\/div>\n  \n","protected":false},"excerpt":{"rendered":"","protected":false},"author":5,"featured_media":146,"parent":0,"menu_order":0,"comment_status":"closed","ping_status":"closed","template":"page-blank-title-center.php","meta":{"footnotes":""},"class_list":["post-169","page","type-page","status-publish","has-post-thumbnail","hentry"],"yoast_head":"<!-- This site is optimized with the Yoast SEO plugin v27.2 - https:\/\/yoast.com\/product\/yoast-seo-wordpress\/ -->\n<title>Trajes para hombre &#8226; Aramis Barcelona<\/title>\n<meta name=\"robots\" content=\"index, follow, max-snippet:-1, max-image-preview:large, max-video-preview:-1\" \/>\n<link rel=\"canonical\" href=\"https:\/\/aramisbarcelona.com\/es\/trajes-para-hombre\/\" \/>\n<meta property=\"og:locale\" content=\"es_ES\" \/>\n<meta property=\"og:type\" content=\"article\" \/>\n<meta property=\"og:title\" content=\"Trajes para hombre &#8226; Aramis Barcelona\" \/>\n<meta property=\"og:url\" content=\"https:\/\/aramisbarcelona.com\/es\/trajes-para-hombre\/\" \/>\n<meta property=\"og:site_name\" content=\"Aramis Barcelona\" \/>\n<meta property=\"article:publisher\" content=\"https:\/\/www.facebook.com\/AramisModa\" \/>\n<meta property=\"article:modified_time\" content=\"2016-03-24T10:41:23+00:00\" \/>\n<meta property=\"og:image\" content=\"https:\/\/aramisbarcelona.com\/wp-content\/uploads\/2016\/02\/moda-hombre-barcelona-22.jpg\" \/>\n\t<meta property=\"og:image:width\" content=\"565\" \/>\n\t<meta property=\"og:image:height\" content=\"850\" \/>\n\t<meta property=\"og:image:type\" content=\"image\/jpeg\" \/>\n<meta name=\"twitter:card\" content=\"summary_large_image\" \/>\n<meta name=\"twitter:label1\" content=\"Tiempo de lectura\" \/>\n\t<meta name=\"twitter:data1\" content=\"1 minuto\" \/>\n<script type=\"application\/ld+json\" class=\"yoast-schema-graph\">{\"@context\":\"https:\/\/schema.org\",\"@graph\":[{\"@type\":\"WebPage\",\"@id\":\"https:\/\/aramisbarcelona.com\/es\/trajes-para-hombre\/\",\"url\":\"https:\/\/aramisbarcelona.com\/es\/trajes-para-hombre\/\",\"name\":\"Trajes para hombre &#8226; Aramis Barcelona\",\"isPartOf\":{\"@id\":\"https:\/\/aramisbarcelona.com\/#website\"},\"primaryImageOfPage\":{\"@id\":\"https:\/\/aramisbarcelona.com\/es\/trajes-para-hombre\/#primaryimage\"},\"image\":{\"@id\":\"https:\/\/aramisbarcelona.com\/es\/trajes-para-hombre\/#primaryimage\"},\"thumbnailUrl\":\"https:\/\/aramisbarcelona.com\/wp-content\/uploads\/2016\/02\/moda-hombre-barcelona-22.jpg\",\"datePublished\":\"2016-03-24T10:32:03+00:00\",\"dateModified\":\"2016-03-24T10:41:23+00:00\",\"breadcrumb\":{\"@id\":\"https:\/\/aramisbarcelona.com\/es\/trajes-para-hombre\/#breadcrumb\"},\"inLanguage\":\"es\",\"potentialAction\":[{\"@type\":\"ReadAction\",\"target\":[\"https:\/\/aramisbarcelona.com\/es\/trajes-para-hombre\/\"]}]},{\"@type\":\"ImageObject\",\"inLanguage\":\"es\",\"@id\":\"https:\/\/aramisbarcelona.com\/es\/trajes-para-hombre\/#primaryimage\",\"url\":\"https:\/\/aramisbarcelona.com\/wp-content\/uploads\/2016\/02\/moda-hombre-barcelona-22.jpg\",\"contentUrl\":\"https:\/\/aramisbarcelona.com\/wp-content\/uploads\/2016\/02\/moda-hombre-barcelona-22.jpg\",\"width\":565,\"height\":850,\"caption\":\"trajes para hombe\"},{\"@type\":\"BreadcrumbList\",\"@id\":\"https:\/\/aramisbarcelona.com\/es\/trajes-para-hombre\/#breadcrumb\",\"itemListElement\":[{\"@type\":\"ListItem\",\"position\":1,\"name\":\"Home\",\"item\":\"https:\/\/aramisbarcelona.com\/\"},{\"@type\":\"ListItem\",\"position\":2,\"name\":\"Trajes para hombre\"}]},{\"@type\":\"WebSite\",\"@id\":\"https:\/\/aramisbarcelona.com\/#website\",\"url\":\"https:\/\/aramisbarcelona.com\/\",\"name\":\"Aramis Barcelona\",\"description\":\"Founded in 1969\",\"publisher\":{\"@id\":\"https:\/\/aramisbarcelona.com\/#organization\"},\"potentialAction\":[{\"@type\":\"SearchAction\",\"target\":{\"@type\":\"EntryPoint\",\"urlTemplate\":\"https:\/\/aramisbarcelona.com\/?s={search_term_string}\"},\"query-input\":{\"@type\":\"PropertyValueSpecification\",\"valueRequired\":true,\"valueName\":\"search_term_string\"}}],\"inLanguage\":\"es\"},{\"@type\":\"Organization\",\"@id\":\"https:\/\/aramisbarcelona.com\/#organization\",\"name\":\"Aramis Barcelona\",\"url\":\"https:\/\/aramisbarcelona.com\/\",\"logo\":{\"@type\":\"ImageObject\",\"inLanguage\":\"es\",\"@id\":\"https:\/\/aramisbarcelona.com\/#\/schema\/logo\/image\/\",\"url\":\"https:\/\/aramisbarcelona.com\/wp-content\/uploads\/2016\/02\/logo-aramis-black.png\",\"contentUrl\":\"https:\/\/aramisbarcelona.com\/wp-content\/uploads\/2016\/02\/logo-aramis-black.png\",\"width\":344,\"height\":160,\"caption\":\"Aramis Barcelona\"},\"image\":{\"@id\":\"https:\/\/aramisbarcelona.com\/#\/schema\/logo\/image\/\"},\"sameAs\":[\"https:\/\/www.facebook.com\/AramisModa\",\"https:\/\/www.instagram.com\/aramisbarcelona\/\",\"https:\/\/es.pinterest.com\/aramis_barcelon\/\"]}]}<\/script>\n<!-- \/ Yoast SEO plugin. -->","yoast_head_json":{"title":"Trajes para hombre &#8226; Aramis Barcelona","robots":{"index":"index","follow":"follow","max-snippet":"max-snippet:-1","max-image-preview":"max-image-preview:large","max-video-preview":"max-video-preview:-1"},"canonical":"https:\/\/aramisbarcelona.com\/es\/trajes-para-hombre\/","og_locale":"es_ES","og_type":"article","og_title":"Trajes para hombre &#8226; Aramis Barcelona","og_url":"https:\/\/aramisbarcelona.com\/es\/trajes-para-hombre\/","og_site_name":"Aramis Barcelona","article_publisher":"https:\/\/www.facebook.com\/AramisModa","article_modified_time":"2016-03-24T10:41:23+00:00","og_image":[{"width":565,"height":850,"url":"https:\/\/aramisbarcelona.com\/wp-content\/uploads\/2016\/02\/moda-hombre-barcelona-22.jpg","type":"image\/jpeg"}],"twitter_card":"summary_large_image","twitter_misc":{"Tiempo de lectura":"1 minuto"},"schema":{"@context":"https:\/\/schema.org","@graph":[{"@type":"WebPage","@id":"https:\/\/aramisbarcelona.com\/es\/trajes-para-hombre\/","url":"https:\/\/aramisbarcelona.com\/es\/trajes-para-hombre\/","name":"Trajes para hombre &#8226; Aramis Barcelona","isPartOf":{"@id":"https:\/\/aramisbarcelona.com\/#website"},"primaryImageOfPage":{"@id":"https:\/\/aramisbarcelona.com\/es\/trajes-para-hombre\/#primaryimage"},"image":{"@id":"https:\/\/aramisbarcelona.com\/es\/trajes-para-hombre\/#primaryimage"},"thumbnailUrl":"https:\/\/aramisbarcelona.com\/wp-content\/uploads\/2016\/02\/moda-hombre-barcelona-22.jpg","datePublished":"2016-03-24T10:32:03+00:00","dateModified":"2016-03-24T10:41:23+00:00","breadcrumb":{"@id":"https:\/\/aramisbarcelona.com\/es\/trajes-para-hombre\/#breadcrumb"},"inLanguage":"es","potentialAction":[{"@type":"ReadAction","target":["https:\/\/aramisbarcelona.com\/es\/trajes-para-hombre\/"]}]},{"@type":"ImageObject","inLanguage":"es","@id":"https:\/\/aramisbarcelona.com\/es\/trajes-para-hombre\/#primaryimage","url":"https:\/\/aramisbarcelona.com\/wp-content\/uploads\/2016\/02\/moda-hombre-barcelona-22.jpg","contentUrl":"https:\/\/aramisbarcelona.com\/wp-content\/uploads\/2016\/02\/moda-hombre-barcelona-22.jpg","width":565,"height":850,"caption":"trajes para hombe"},{"@type":"BreadcrumbList","@id":"https:\/\/aramisbarcelona.com\/es\/trajes-para-hombre\/#breadcrumb","itemListElement":[{"@type":"ListItem","position":1,"name":"Home","item":"https:\/\/aramisbarcelona.com\/"},{"@type":"ListItem","position":2,"name":"Trajes para hombre"}]},{"@type":"WebSite","@id":"https:\/\/aramisbarcelona.com\/#website","url":"https:\/\/aramisbarcelona.com\/","name":"Aramis Barcelona","description":"Founded in 1969","publisher":{"@id":"https:\/\/aramisbarcelona.com\/#organization"},"potentialAction":[{"@type":"SearchAction","target":{"@type":"EntryPoint","urlTemplate":"https:\/\/aramisbarcelona.com\/?s={search_term_string}"},"query-input":{"@type":"PropertyValueSpecification","valueRequired":true,"valueName":"search_term_string"}}],"inLanguage":"es"},{"@type":"Organization","@id":"https:\/\/aramisbarcelona.com\/#organization","name":"Aramis Barcelona","url":"https:\/\/aramisbarcelona.com\/","logo":{"@type":"ImageObject","inLanguage":"es","@id":"https:\/\/aramisbarcelona.com\/#\/schema\/logo\/image\/","url":"https:\/\/aramisbarcelona.com\/wp-content\/uploads\/2016\/02\/logo-aramis-black.png","contentUrl":"https:\/\/aramisbarcelona.com\/wp-content\/uploads\/2016\/02\/logo-aramis-black.png","width":344,"height":160,"caption":"Aramis Barcelona"},"image":{"@id":"https:\/\/aramisbarcelona.com\/#\/schema\/logo\/image\/"},"sameAs":["https:\/\/www.facebook.com\/AramisModa","https:\/\/www.instagram.com\/aramisbarcelona\/","https:\/\/es.pinterest.com\/aramis_barcelon\/"]}]}},"_links":{"self":[{"href":"https:\/\/aramisbarcelona.com\/es\/wp-json\/wp\/v2\/pages\/169","targetHints":{"allow":["GET"]}}],"collection":[{"href":"https:\/\/aramisbarcelona.com\/es\/wp-json\/wp\/v2\/pages"}],"about":[{"href":"https:\/\/aramisbarcelona.com\/es\/wp-json\/wp\/v2\/types\/page"}],"author":[{"embeddable":true,"href":"https:\/\/aramisbarcelona.com\/es\/wp-json\/wp\/v2\/users\/5"}],"replies":[{"embeddable":true,"href":"https:\/\/aramisbarcelona.com\/es\/wp-json\/wp\/v2\/comments?post=169"}],"version-history":[{"count":9,"href":"https:\/\/aramisbarcelona.com\/es\/wp-json\/wp\/v2\/pages\/169\/revisions"}],"predecessor-version":[{"id":178,"href":"https:\/\/aramisbarcelona.com\/es\/wp-json\/wp\/v2\/pages\/169\/revisions\/178"}],"wp:featuredmedia":[{"embeddable":true,"href":"https:\/\/aramisbarcelona.com\/es\/wp-json\/wp\/v2\/media\/146"}],"wp:attachment":[{"href":"https:\/\/aramisbarcelona.com\/es\/wp-json\/wp\/v2\/media?parent=169"}],"curies":[{"name":"wp","href":"https:\/\/api.w.org\/{rel}","templated":true}]}}