{"id":261,"date":"2018-08-07T10:54:22","date_gmt":"2018-08-07T10:54:22","guid":{"rendered":"http:\/\/aramisbarcelona.com\/?page_id=261"},"modified":"2018-08-07T10:54:22","modified_gmt":"2018-08-07T10:54:22","slug":"legal-warning","status":"publish","type":"page","link":"https:\/\/aramisbarcelona.com\/es\/legal-warning\/","title":{"rendered":"Aviso Legal"},"content":{"rendered":"<p class=\"p1\"><span class=\"s1\"><b>Esta p\u00e1gina Web es propiedad de CLOTHES AND ACCESSORIES MAF 2013, S.L., con NIF n\u00ba B66022476 y domicilio en Muntaner, n\u00ba 200, 4\u00ba3\u00aa 08036 Barcelona ( BARCELONA ) e Inscrita en el Registro Mercantil de<span class=\"Apple-converted-space\">\u00a0 <\/span>Barcelona, tomo 43.721, folio 216, hoja n\u00famero B-436.484. <\/b><\/span><\/p>\n<p class=\"p1\"><span class=\"s1\">Para cualquier consulta o propuesta, cont\u00e1ctenos en el e-mail: admin@aramisbarcelona.com<\/span><\/p>\n<p class=\"p1\"><span class=\"s1\">Esta p\u00e1gina Web se rige por la normativa exclusivamente aplicable en Espa\u00f1a, quedando sometida a ella, tanto nacionales como extranjeros que utilicen esta Web.<\/span><\/p>\n<p class=\"p1\"><span class=\"s1\">El acceso a nuestra p\u00e1gina Web por parte del USUARIO es gratuito y est\u00e1 condicionado a la previa lectura y aceptaci\u00f3n integra, expresa y sin reservas de las presentes CONDICIONES GENERALES DE USO vigentes en el momento del acceso, que rogamos lea detenidamente. El USUARIO en el momento que utiliza nuestro portal, sus contenidos o servicios, acepta y se somete expresamente a las condiciones generales de uso del mismo. Si el usuario no estuviere de acuerdo con las presentes condiciones de uso, deber\u00e1 abstenerse de utilizar este portal y operar por medio del mismo.<\/span><\/p>\n<p class=\"p1\"><span class=\"s1\">En cualquier momento podremos modificar la presentaci\u00f3n y configuraci\u00f3n de nuestra Web, ampliar o reducir servicios, e incluso suprimirla de la Red, as\u00ed como los servicios y contenidos prestados, todo ello de forma unilateral y sin previo aviso.<\/span><\/p>\n<p class=\"p1\"><span class=\"s1\"><b>A. PROPIEDAD INTELECTUAL<\/b><\/span><\/p>\n<p class=\"p1\"><span class=\"s1\">Todos los contenidos, textos, im\u00e1genes, marcas y c\u00f3digos fuente son de nuestra propiedad o de terceros a los que se han adquirido sus derechos de explotaci\u00f3n, y est\u00e1n protegidos por los derechos de Propiedad Intelectual e Industrial.<\/span><\/p>\n<p class=\"p1\"><span class=\"s1\">El usuario \u00fanicamente tiene derecho a un uso privado de los mismos, sin \u00e1nimo de lucro, y necesita autorizaci\u00f3n expresa para modificarlos, reproducirlos, explotarlos, distribuirlos o ejercer cualquier derecho perteneciente a su titular.<\/span><\/p>\n<p class=\"p1\"><span class=\"s1\"><b>B. CONDICIONES DE ACCESO<\/b><\/span><\/p>\n<p class=\"p1\"><span class=\"s1\">El acceso a nuestra p\u00e1gina Web es gratuito y no exige previa suscripci\u00f3n o registro.<\/span><\/p>\n<p class=\"p1\"><span class=\"s1\">El env\u00edo de datos personales implica la aceptaci\u00f3n expresa por parte del USUARIO de nuestra pol\u00edtica de privacidad.<\/span><\/p>\n<p class=\"p1\"><span class=\"s1\">El usuario debe acceder a nuestra p\u00e1gina Web conforme a la buena fe, las normas de orden p\u00fablico y a las presentes Condiciones Generales de uso. El acceso a nuestro sitio Web se realiza bajo la propia y exclusiva responsabilidad del usuario, que responder\u00e1 en todo caso de los da\u00f1os y perjuicios que pueda causar a terceros o a nosotros mismos.<\/span><\/p>\n<p class=\"p1\"><span class=\"s1\">Teniendo en cuenta la imposibilidad de control respecto a la informaci\u00f3n, contenidos y servicios que contengan otras p\u00e1ginas web a los que se pueda acceder a trav\u00e9s de los enlaces que nuestra p\u00e1gina web pueda poner a su disposici\u00f3n, le comunicamos que quedamos eximidos de cualquier responsabilidad por los da\u00f1os y perjuicios de toda clase que pudiesen derivar por la utilizaci\u00f3n de esas p\u00e1ginas web, ajenas a nuestra empresa, por parte del usuario.<\/span><\/p>\n<p class=\"p1\"><span class=\"s1\"><b>C. POL\u00cdTICA DE PRIVACIDAD<\/b><\/span><\/p>\n<p class=\"p2\"><span class=\"s1\">La confidencialidad y la seguridad son valores primordiales de CLOTHES AND ACCESSORIES MAF 2013 SL y, en consecuencia, asumimos el compromiso de garantizar la privacidad del Usuario en todo momento y de no recabar informaci\u00f3n innecesaria. A continuaci\u00f3n, le proporcionamos toda la informaci\u00f3n necesaria sobre nuestra Pol\u00edtica de Privacidad en relaci\u00f3n con los datos personales que recabamos, explic\u00e1ndole:<\/span><\/p>\n<ul class=\"ul1\">\n<li class=\"li3\"><span class=\"s1\">Qui\u00e9n es el responsable del tratamiento de sus datos.<\/span><\/li>\n<li class=\"li3\"><span class=\"s1\">Para qu\u00e9 finalidades recabamos los datos que le solicitamos.<\/span><\/li>\n<li class=\"li3\"><span class=\"s1\">Cu\u00e1l es la legitimaci\u00f3n para su tratamiento.<\/span><\/li>\n<li class=\"li3\"><span class=\"s1\">Durante cu\u00e1nto tiempo los conservamos.<\/span><\/li>\n<li class=\"li3\"><span class=\"s1\">\u00a0A qu\u00e9 destinatarios se comunican sus datos.<\/span><\/li>\n<li class=\"li3\"><span class=\"s1\">Cu\u00e1les son sus derechos y c\u00f3mo ejercerlos.<\/span><\/li>\n<\/ul>\n<p class=\"p4\"><span class=\"s1\">\u00a0 \u00a0 \u00a0 \u00a0 1.\u00a0\u00a0\u00a0\u00a0\u00a0 RESPONSABLE: ver datos en el encabezamiento.\u00a0<\/span><\/p>\n<p class=\"p1\"><span class=\"s1\">\u00a0\u00a0\u00a0\u00a0\u00a0\u00a0 2. FINALIDADES, LEGITIMACI\u00d3N Y CONSERVACI\u00d3N de los tratamientos de los datos enviados a trav\u00e9s de:<\/span><\/p>\n<p class=\"p5\"><span class=\"s1\">\u00b7\u00a0\u00a0\u00a0\u00a0\u00a0\u00a0\u00a0<\/span><span class=\"s3\">Env\u00edo de correos electr\u00f3nicos.<\/span><\/p>\n<p class=\"p6\"><span class=\"s1\">Finalidad: Contestar a sus solicitudes de informaci\u00f3n, atender sus peticiones y responder sus consultas o dudas.\u00a0\u00a0En caso de recibir su Curr\u00edculum Vitae, sus datos personales y curriculares podr\u00e1n formar parte de nuestras bases de datos para participar en nuestros procesos de selecci\u00f3n presentes y futuros.<\/span><\/p>\n<p class=\"p6\"><span class=\"s1\">Legitimaci\u00f3n: El consentimiento del usuario al solicitarnos informaci\u00f3n a trav\u00e9s de la direcci\u00f3n de correo electr\u00f3nico o enviarnos sus datos y CV para participar en nuestros procesos de selecci\u00f3n.<\/span><\/p>\n<p class=\"p6\"><span class=\"s1\">Conservaci\u00f3n: Una vez resulta contestada su petici\u00f3n por correo electr\u00f3nico, si no ha generado un nuevo tratamiento. En el caso de recibir su CV, sus datos podr\u00e1n ser conservados durante un a\u00f1o m\u00e1ximo para futuros procesos de selecci\u00f3n.<\/span><\/p>\n<p class=\"p5\"><span class=\"s1\">\u00b7\u00a0 \u00a0 \u00a0<\/span><span class=\"s3\">Suscripci\u00f3n bolet\u00edn\/newsletter<\/span><\/p>\n<p class=\"p6\"><span class=\"s1\">Finalidad: Enviarle informaci\u00f3n comercial de nuestras actividades y servicios, por medios electr\u00f3nicos.<\/span><\/p>\n<p class=\"p6\"><span class=\"s1\">Legitimaci\u00f3n: El consentimiento del usuario al suscribirse al env\u00edo de informaci\u00f3n a trav\u00e9s de nuestro formulario<\/span><\/p>\n<p class=\"p6\"><span class=\"s1\">Conservaci\u00f3n: Hasta que solicite la baja de la suscripci\u00f3n o hasta que se produzca la baja como cliente.<\/span><\/p>\n<p class=\"p5\"><span class=\"s1\"><b>Obligaci\u00f3n de facilitarnos sus datos personales y consecuencias de no hacerlo.<\/b><\/span><\/p>\n<p class=\"p5\"><span class=\"s1\">El suministro de datos personales requiere una edad m\u00ednima de 14 a\u00f1os, o en su caso, disponer de capacidad jur\u00eddica suficiente para contratar.<\/span><\/p>\n<p class=\"p5\"><span class=\"s1\">Los datos personales solicitados son necesarios para gestionar sus solicitudes, darle de alta como usuario y\/o prestarle los servicios que pueda contratar, por lo que, si no nos los facilita, no podremos atenderle correctamente ni prestarle el servicio que ha solicitado.<\/span><\/p>\n<p class=\"p5\"><span class=\"s1\">En todo caso, nos reservamos el derecho\u00a0de decidir sobre la incorporaci\u00f3n o no de sus datos personales y dem\u00e1s informaci\u00f3n\u00a0a nuestras bases de datos.\u00a0<\/span><\/p>\n<p class=\"p7\"><span class=\"s1\">3.\u00a0\u00a0\u00a0\u00a0\u00a0 DESTINATARIOS DE SUS DATOS.<\/span><\/p>\n<p class=\"p5\"><span class=\"s1\">Sus datos son confidenciales y no se ceder\u00e1n a terceros, salvo que exista obligaci\u00f3n legal.<\/span><\/p>\n<p class=\"p7\"><span class=\"s1\">4.\u00a0\u00a0\u00a0\u00a0\u00a0 DERECHOS EN RELACI\u00d3N CON SUS DATOS PERSONALES.<\/span><\/p>\n<p class=\"p5\"><span class=\"s1\">Cualquier persona puede retirar su consentimiento en cualquier momento, cuando el mismo se haya otorgado para el tratamiento de sus datos. En ning\u00fan caso, la retirada de este consentimiento condiciona la ejecuci\u00f3n del contrato de suscripci\u00f3n o las relaciones generadas con anterioridad.<\/span><\/p>\n<p class=\"p5\"><span class=\"s1\">Igualmente, puede ejercer los siguientes derechos:<\/span><\/p>\n<p class=\"p5\"><span class=\"s1\">\u00b7\u00a0\u00a0\u00a0\u00a0\u00a0\u00a0 Solicitar el acceso a sus datos personales o su rectificaci\u00f3n cuando sean inexactos.<\/span><\/p>\n<p class=\"p5\"><span class=\"s1\">\u00b7\u00a0\u00a0\u00a0\u00a0\u00a0\u00a0 Solicitar su supresi\u00f3n cuando, entre otros motivos, los datos ya no sean necesarios para los fines para los que fueron recogidos.<\/span><\/p>\n<p class=\"p5\"><span class=\"s1\">\u00b7\u00a0\u00a0\u00a0\u00a0\u00a0\u00a0 Solicitar la limitaci\u00f3n de su tratamiento en determinadas circunstancias.<\/span><\/p>\n<p class=\"p5\"><span class=\"s1\">\u00b7\u00a0\u00a0\u00a0\u00a0\u00a0\u00a0 Solicitar la oposici\u00f3n al tratamiento de sus datos por motivos relacionados con su situaci\u00f3n particular.<\/span><\/p>\n<p class=\"p5\"><span class=\"s1\">\u00b7\u00a0\u00a0\u00a0\u00a0\u00a0\u00a0 Solicitar la portabilidad de los datos en los casos previstos en la normativa.<\/span><\/p>\n<p class=\"p5\"><span class=\"s1\">\u00b7\u00a0\u00a0\u00a0\u00a0\u00a0\u00a0 Otros derechos reconocidos en las normativas aplicables.<\/span><\/p>\n<p class=\"p5\"><span class=\"s3\">D\u00f3nde y c\u00f3mo solicitar sus Derechos<\/span><span class=\"s1\">: Mediante un escrito dirigido al responsable a su direcci\u00f3n postal o electr\u00f3nica (indicadas en el apartado A), indicando la referencia \u201cDatos Personales\u201d, especificando el derecho que se quiere ejercer y respecto a qu\u00e9 datos personales.<\/span><\/p>\n<p class=\"p5\"><span class=\"s1\">En caso de divergencias con la empresa en relaci\u00f3n con el tratamiento de sus datos, puede presentar una reclamaci\u00f3n ante la Agencia de Protecci\u00f3n de Datos (www.agpd.es).<\/span><\/p>\n<p class=\"p5\"><span class=\"s1\">5. SEGURIDAD DE SUS DATOS PERSONALES<\/span><\/p>\n<p class=\"p5\"><span class=\"s1\">Con el objetivo de salvaguardar la seguridad de sus datos personales, le informamos que hemos adoptado todas las medidas de \u00edndole t\u00e9cnica y organizativa necesarias para garantizar la seguridad de los datos personales suministrados de su alteraci\u00f3n, p\u00e9rdida y tratamientos o accesos no autorizados.<\/span><\/p>\n<p class=\"p5\"><span class=\"s1\">6. ACTUALIZACI\u00d3N DE SUS DATOS<\/span><\/p>\n<p class=\"p5\"><span class=\"s1\">Es importante que para que podamos mantener sus datos personales actualizados, nos informe siempre que haya habido alguna modificaci\u00f3n en ellos, en caso contrario, no respondemos de la veracidad de los mismos.<\/span><\/p>\n<p class=\"p5\"><span class=\"s1\">No nos hacemos responsables de la pol\u00edtica de privacidad respecto a los datos personales que pueda facilitar a terceros por medio de los enlaces disponibles en nuestra p\u00e1gina web.<\/span><\/p>\n<p class=\"p5\"><span class=\"s1\">La presente Pol\u00edtica de Privacidad puede ser modificada para adaptarlas a los cambios que se produzca en nuestra web, as\u00ed como modificaciones legislativas o jurisprudenciales sobre datos personales que vayan apareciendo, por lo que exige su lectura, cada vez que nos facilite sus datos a trav\u00e9s de esta Web.<\/span><\/p>\n<p class=\"p1\"><span class=\"s1\"><b>D. RESPONSABILIDADES<\/b><\/span><\/p>\n<p class=\"p1\"><span class=\"s1\">Al poner a disposici\u00f3n del usuario esta p\u00e1gina Web queremos ofrecerle un servicio de calidad, utilizando la m\u00e1xima diligencia en la prestaci\u00f3n del mismo, as\u00ed como en los medios tecnol\u00f3gicos utilizados. No obstante, no responderemos de la presencia de virus y otros elementos que de alg\u00fan modo puedan da\u00f1ar el sistema inform\u00e1tico del usuario.<\/span><\/p>\n<p class=\"p1\"><span class=\"s1\">No garantizamos que la disponibilidad del servicio sea continua e ininterrumpida.<\/span><\/p>\n<p class=\"p1\"><span class=\"s1\">El USUARIO tiene prohibido cualquier tipo de acci\u00f3n sobre nuestro portal que origine una excesiva sobrecarga de funcionamiento a nuestros sistemas inform\u00e1ticos, as\u00ed como la introducci\u00f3n de virus, o instalaci\u00f3n de robots, o software que altere el normal funcionamiento de nuestra web, o en definitiva pueda causar da\u00f1os a nuestros sistemas inform\u00e1ticos.<\/span><\/p>\n<p class=\"p1\"><span class=\"s1\">El USUARIO asume toda la responsabilidad derivada del uso de nuestra p\u00e1gina web.<\/span><\/p>\n<p class=\"p1\"><span class=\"s1\">El USUARIO reconoce que ha entendido toda la informaci\u00f3n respecto a las condiciones de uso de nuestro portal, y reconoce que son suficientes para la exclusi\u00f3n del error en las mismas, y por lo tanto, las acepta integra y expresamente.<\/span><\/p>\n","protected":false},"excerpt":{"rendered":"<p>Esta p\u00e1gina Web es propiedad de CLOTHES AND ACCESSORIES MAF 2013, S.L., con NIF n\u00ba B66022476 y domicilio en Muntaner, n\u00ba 200, 4\u00ba3\u00aa 08036 Barcelona ( BARCELONA ) e Inscrita en el Registro Mercantil de\u00a0 Barcelona, tomo 43.721, folio 216, hoja n\u00famero B-436.484. Para cualquier consulta o propuesta, cont\u00e1ctenos en el e-mail: admin@aramisbarcelona.com Esta p\u00e1gina [&hellip;]\n","protected":false},"author":5,"featured_media":0,"parent":0,"menu_order":0,"comment_status":"closed","ping_status":"closed","template":"","meta":{"footnotes":""},"class_list":["post-261","page","type-page","status-publish","hentry"],"yoast_head":"<!-- This site is optimized with the Yoast SEO plugin v27.2 - https:\/\/yoast.com\/product\/yoast-seo-wordpress\/ -->\n<title>Aviso Legal &#8226; Aramis Barcelona<\/title>\n<meta name=\"robots\" content=\"noindex, nofollow\" \/>\n<meta property=\"og:locale\" content=\"es_ES\" \/>\n<meta property=\"og:type\" content=\"article\" \/>\n<meta property=\"og:title\" content=\"Aviso Legal &#8226; Aramis Barcelona\" \/>\n<meta property=\"og:description\" content=\"Esta p\u00e1gina Web es propiedad de CLOTHES AND ACCESSORIES MAF 2013, S.L., con NIF n\u00ba B66022476 y domicilio en Muntaner, n\u00ba 200, 4\u00ba3\u00aa 08036 Barcelona ( BARCELONA ) e Inscrita en el Registro Mercantil de\u00a0 Barcelona, tomo 43.721, folio 216, hoja n\u00famero B-436.484. Para cualquier consulta o propuesta, cont\u00e1ctenos en el e-mail: admin@aramisbarcelona.com Esta p\u00e1gina [&hellip;]\" \/>\n<meta property=\"og:url\" content=\"https:\/\/aramisbarcelona.com\/es\/legal-warning\/\" \/>\n<meta property=\"og:site_name\" content=\"Aramis Barcelona\" \/>\n<meta property=\"article:publisher\" content=\"https:\/\/www.facebook.com\/AramisModa\" \/>\n<meta property=\"og:image\" content=\"https:\/\/aramisbarcelona.com\/wp-content\/uploads\/2016\/02\/moda-hombre-barcelona-11.jpg\" \/>\n\t<meta property=\"og:image:width\" content=\"850\" \/>\n\t<meta property=\"og:image:height\" content=\"570\" \/>\n\t<meta property=\"og:image:type\" content=\"image\/jpeg\" \/>\n<meta name=\"twitter:card\" content=\"summary_large_image\" \/>\n<meta name=\"twitter:label1\" content=\"Tiempo de lectura\" \/>\n\t<meta name=\"twitter:data1\" content=\"8 minutos\" \/>\n<script type=\"application\/ld+json\" class=\"yoast-schema-graph\">{\"@context\":\"https:\/\/schema.org\",\"@graph\":[{\"@type\":\"WebPage\",\"@id\":\"https:\/\/aramisbarcelona.com\/es\/legal-warning\/\",\"url\":\"https:\/\/aramisbarcelona.com\/es\/legal-warning\/\",\"name\":\"Aviso Legal &#8226; Aramis Barcelona\",\"isPartOf\":{\"@id\":\"https:\/\/aramisbarcelona.com\/#website\"},\"datePublished\":\"2018-08-07T10:54:22+00:00\",\"breadcrumb\":{\"@id\":\"https:\/\/aramisbarcelona.com\/es\/legal-warning\/#breadcrumb\"},\"inLanguage\":\"es\",\"potentialAction\":[{\"@type\":\"ReadAction\",\"target\":[\"https:\/\/aramisbarcelona.com\/es\/legal-warning\/\"]}]},{\"@type\":\"BreadcrumbList\",\"@id\":\"https:\/\/aramisbarcelona.com\/es\/legal-warning\/#breadcrumb\",\"itemListElement\":[{\"@type\":\"ListItem\",\"position\":1,\"name\":\"Home\",\"item\":\"https:\/\/aramisbarcelona.com\/\"},{\"@type\":\"ListItem\",\"position\":2,\"name\":\"Aviso Legal\"}]},{\"@type\":\"WebSite\",\"@id\":\"https:\/\/aramisbarcelona.com\/#website\",\"url\":\"https:\/\/aramisbarcelona.com\/\",\"name\":\"Aramis Barcelona\",\"description\":\"Founded in 1969\",\"publisher\":{\"@id\":\"https:\/\/aramisbarcelona.com\/#organization\"},\"potentialAction\":[{\"@type\":\"SearchAction\",\"target\":{\"@type\":\"EntryPoint\",\"urlTemplate\":\"https:\/\/aramisbarcelona.com\/?s={search_term_string}\"},\"query-input\":{\"@type\":\"PropertyValueSpecification\",\"valueRequired\":true,\"valueName\":\"search_term_string\"}}],\"inLanguage\":\"es\"},{\"@type\":\"Organization\",\"@id\":\"https:\/\/aramisbarcelona.com\/#organization\",\"name\":\"Aramis Barcelona\",\"url\":\"https:\/\/aramisbarcelona.com\/\",\"logo\":{\"@type\":\"ImageObject\",\"inLanguage\":\"es\",\"@id\":\"https:\/\/aramisbarcelona.com\/#\/schema\/logo\/image\/\",\"url\":\"https:\/\/aramisbarcelona.com\/wp-content\/uploads\/2016\/02\/logo-aramis-black.png\",\"contentUrl\":\"https:\/\/aramisbarcelona.com\/wp-content\/uploads\/2016\/02\/logo-aramis-black.png\",\"width\":344,\"height\":160,\"caption\":\"Aramis Barcelona\"},\"image\":{\"@id\":\"https:\/\/aramisbarcelona.com\/#\/schema\/logo\/image\/\"},\"sameAs\":[\"https:\/\/www.facebook.com\/AramisModa\",\"https:\/\/www.instagram.com\/aramisbarcelona\/\",\"https:\/\/es.pinterest.com\/aramis_barcelon\/\"]}]}<\/script>\n<!-- \/ Yoast SEO plugin. -->","yoast_head_json":{"title":"Aviso Legal &#8226; Aramis Barcelona","robots":{"index":"noindex","follow":"nofollow"},"og_locale":"es_ES","og_type":"article","og_title":"Aviso Legal &#8226; Aramis Barcelona","og_description":"Esta p\u00e1gina Web es propiedad de CLOTHES AND ACCESSORIES MAF 2013, S.L., con NIF n\u00ba B66022476 y domicilio en Muntaner, n\u00ba 200, 4\u00ba3\u00aa 08036 Barcelona ( BARCELONA ) e Inscrita en el Registro Mercantil de\u00a0 Barcelona, tomo 43.721, folio 216, hoja n\u00famero B-436.484. Para cualquier consulta o propuesta, cont\u00e1ctenos en el e-mail: admin@aramisbarcelona.com Esta p\u00e1gina [&hellip;]","og_url":"https:\/\/aramisbarcelona.com\/es\/legal-warning\/","og_site_name":"Aramis Barcelona","article_publisher":"https:\/\/www.facebook.com\/AramisModa","og_image":[{"width":850,"height":570,"url":"https:\/\/aramisbarcelona.com\/wp-content\/uploads\/2016\/02\/moda-hombre-barcelona-11.jpg","type":"image\/jpeg"}],"twitter_card":"summary_large_image","twitter_misc":{"Tiempo de lectura":"8 minutos"},"schema":{"@context":"https:\/\/schema.org","@graph":[{"@type":"WebPage","@id":"https:\/\/aramisbarcelona.com\/es\/legal-warning\/","url":"https:\/\/aramisbarcelona.com\/es\/legal-warning\/","name":"Aviso Legal &#8226; Aramis Barcelona","isPartOf":{"@id":"https:\/\/aramisbarcelona.com\/#website"},"datePublished":"2018-08-07T10:54:22+00:00","breadcrumb":{"@id":"https:\/\/aramisbarcelona.com\/es\/legal-warning\/#breadcrumb"},"inLanguage":"es","potentialAction":[{"@type":"ReadAction","target":["https:\/\/aramisbarcelona.com\/es\/legal-warning\/"]}]},{"@type":"BreadcrumbList","@id":"https:\/\/aramisbarcelona.com\/es\/legal-warning\/#breadcrumb","itemListElement":[{"@type":"ListItem","position":1,"name":"Home","item":"https:\/\/aramisbarcelona.com\/"},{"@type":"ListItem","position":2,"name":"Aviso Legal"}]},{"@type":"WebSite","@id":"https:\/\/aramisbarcelona.com\/#website","url":"https:\/\/aramisbarcelona.com\/","name":"Aramis Barcelona","description":"Founded in 1969","publisher":{"@id":"https:\/\/aramisbarcelona.com\/#organization"},"potentialAction":[{"@type":"SearchAction","target":{"@type":"EntryPoint","urlTemplate":"https:\/\/aramisbarcelona.com\/?s={search_term_string}"},"query-input":{"@type":"PropertyValueSpecification","valueRequired":true,"valueName":"search_term_string"}}],"inLanguage":"es"},{"@type":"Organization","@id":"https:\/\/aramisbarcelona.com\/#organization","name":"Aramis Barcelona","url":"https:\/\/aramisbarcelona.com\/","logo":{"@type":"ImageObject","inLanguage":"es","@id":"https:\/\/aramisbarcelona.com\/#\/schema\/logo\/image\/","url":"https:\/\/aramisbarcelona.com\/wp-content\/uploads\/2016\/02\/logo-aramis-black.png","contentUrl":"https:\/\/aramisbarcelona.com\/wp-content\/uploads\/2016\/02\/logo-aramis-black.png","width":344,"height":160,"caption":"Aramis Barcelona"},"image":{"@id":"https:\/\/aramisbarcelona.com\/#\/schema\/logo\/image\/"},"sameAs":["https:\/\/www.facebook.com\/AramisModa","https:\/\/www.instagram.com\/aramisbarcelona\/","https:\/\/es.pinterest.com\/aramis_barcelon\/"]}]}},"_links":{"self":[{"href":"https:\/\/aramisbarcelona.com\/es\/wp-json\/wp\/v2\/pages\/261","targetHints":{"allow":["GET"]}}],"collection":[{"href":"https:\/\/aramisbarcelona.com\/es\/wp-json\/wp\/v2\/pages"}],"about":[{"href":"https:\/\/aramisbarcelona.com\/es\/wp-json\/wp\/v2\/types\/page"}],"author":[{"embeddable":true,"href":"https:\/\/aramisbarcelona.com\/es\/wp-json\/wp\/v2\/users\/5"}],"replies":[{"embeddable":true,"href":"https:\/\/aramisbarcelona.com\/es\/wp-json\/wp\/v2\/comments?post=261"}],"version-history":[{"count":1,"href":"https:\/\/aramisbarcelona.com\/es\/wp-json\/wp\/v2\/pages\/261\/revisions"}],"predecessor-version":[{"id":262,"href":"https:\/\/aramisbarcelona.com\/es\/wp-json\/wp\/v2\/pages\/261\/revisions\/262"}],"wp:attachment":[{"href":"https:\/\/aramisbarcelona.com\/es\/wp-json\/wp\/v2\/media?parent=261"}],"curies":[{"name":"wp","href":"https:\/\/api.w.org\/{rel}","templated":true}]}}